{"id":12692,"date":"2025-03-06T09:02:14","date_gmt":"2025-03-06T08:02:14","guid":{"rendered":"https:\/\/autopoint.hu\/?page_id=12692"},"modified":"2025-03-06T09:02:14","modified_gmt":"2025-03-06T08:02:14","slug":"autoumbau","status":"publish","type":"page","link":"https:\/\/autopoint.hu\/de\/autoumbau","title":{"rendered":"Autoumbau"},"content":{"rendered":"<p><span data-sheets-value=\"{&quot;1&quot;:2,&quot;2&quot;:&quot;Mit hochwertigen Lieferanten, fachlicher Kompetenz und umfassender Aufmerksamkeit f\u00fcr jedes Detail legen wir den Grundstein f\u00fcr erfolgreiche Projekte. Bei uns stehen die W\u00fcnsche des Kunden stets im Vordergrund, und wir streben danach, dass die umgebauten Autos die volle Zufriedenheit aller erf\u00fcllen. Premium-Materialien, individuelle L\u00f6sungen und modernste Technologien garantieren, dass die von uns hergestellten Autos mit ihrer herausragenden Leistung und ihrem unverwechselbaren Stil ihre Mitbewerber \u00fcbertreffen. Kontaktieren Sie uns, damit wir Ihr Traumauto in die Realit\u00e4t umsetzen k\u00f6nnen!&quot;}\" data-sheets-userformat=\"{&quot;2&quot;:769,&quot;3&quot;:{&quot;1&quot;:0},&quot;11&quot;:4,&quot;12&quot;:0}\">Mit hochwertigen Lieferanten, fachlicher Kompetenz und umfassender Aufmerksamkeit f\u00fcr jedes Detail legen wir den Grundstein f\u00fcr erfolgreiche Projekte. Bei uns stehen die W\u00fcnsche des Kunden stets im Vordergrund, und wir streben danach, dass die umgebauten Autos die volle Zufriedenheit aller erf\u00fcllen. Premium-Materialien, individuelle L\u00f6sungen und modernste Technologien garantieren, dass die von uns hergestellten Autos mit ihrer herausragenden Leistung und ihrem unverwechselbaren Stil ihre Mitbewerber \u00fcbertreffen. Kontaktieren Sie uns, damit wir Ihr Traumauto in die Realit\u00e4t umsetzen k\u00f6nnen!<\/span><\/p>\n","protected":false},"excerpt":{"rendered":"<p>Mit hochwertigen Lieferanten, fachlicher Kompetenz und umfassender Aufmerksamkeit f\u00fcr jedes Detail legen wir den Grundstein f\u00fcr erfolgreiche Projekte. Bei uns stehen die W\u00fcnsche des Kunden stets im Vordergrund, und wir streben danach, dass die umgebauten Autos die volle Zufriedenheit aller erf\u00fcllen. Premium-Materialien, individuelle L\u00f6sungen und modernste Technologien garantieren, dass die von uns hergestellten Autos mit [&hellip;]<\/p>\n","protected":false},"author":2,"featured_media":3130,"parent":0,"menu_order":0,"comment_status":"closed","ping_status":"closed","template":"","meta":{"_acf_changed":false,"inline_featured_image":false,"footnotes":""},"class_list":["post-12692","page","type-page","status-publish","has-post-thumbnail","hentry"],"acf":[],"yoast_head":"<!-- This site is optimized with the Yoast SEO Premium plugin v27.4 (Yoast SEO v27.4) - https:\/\/yoast.com\/product\/yoast-seo-premium-wordpress\/ -->\n<title>Autoumbau - Autopoint Budapest<\/title>\n<meta name=\"robots\" content=\"index, follow, max-snippet:-1, max-image-preview:large, max-video-preview:-1\" \/>\n<link rel=\"canonical\" href=\"https:\/\/autopoint.hu\/de\/autoumbau\" \/>\n<meta property=\"og:locale\" content=\"de_DE\" \/>\n<meta property=\"og:type\" content=\"article\" \/>\n<meta property=\"og:title\" content=\"Autoumbau\" \/>\n<meta property=\"og:description\" content=\"Mit hochwertigen Lieferanten, fachlicher Kompetenz und umfassender Aufmerksamkeit f\u00fcr jedes Detail legen wir den Grundstein f\u00fcr erfolgreiche Projekte. Bei uns stehen die W\u00fcnsche des Kunden stets im Vordergrund, und wir streben danach, dass die umgebauten Autos die volle Zufriedenheit aller erf\u00fcllen. Premium-Materialien, individuelle L\u00f6sungen und modernste Technologien garantieren, dass die von uns hergestellten Autos mit [&hellip;]\" \/>\n<meta property=\"og:url\" content=\"https:\/\/autopoint.hu\/de\/autoumbau\" \/>\n<meta property=\"og:site_name\" content=\"Autopoint Budapest\" \/>\n<meta property=\"article:publisher\" content=\"https:\/\/www.facebook.com\/autopointbudapest\" \/>\n<meta property=\"og:image\" content=\"https:\/\/autopoint.hu\/wp-content\/uploads\/2023\/07\/P_2_2431-scaled.jpg\" \/>\n\t<meta property=\"og:image:width\" content=\"2560\" \/>\n\t<meta property=\"og:image:height\" content=\"1922\" \/>\n\t<meta property=\"og:image:type\" content=\"image\/jpeg\" \/>\n<meta name=\"twitter:card\" content=\"summary_large_image\" \/>\n<script type=\"application\/ld+json\" class=\"yoast-schema-graph\">{\"@context\":\"https:\\\/\\\/schema.org\",\"@graph\":[{\"@type\":\"WebPage\",\"@id\":\"https:\\\/\\\/autopoint.hu\\\/de\\\/autoumbau\",\"url\":\"https:\\\/\\\/autopoint.hu\\\/de\\\/autoumbau\",\"name\":\"Autoumbau - Autopoint Budapest\",\"isPartOf\":{\"@id\":\"https:\\\/\\\/autopoint.hu\\\/#website\"},\"primaryImageOfPage\":{\"@id\":\"https:\\\/\\\/autopoint.hu\\\/de\\\/autoumbau#primaryimage\"},\"image\":{\"@id\":\"https:\\\/\\\/autopoint.hu\\\/de\\\/autoumbau#primaryimage\"},\"thumbnailUrl\":\"https:\\\/\\\/autopoint.hu\\\/wp-content\\\/uploads\\\/2023\\\/07\\\/P_2_2431-scaled.jpg\",\"datePublished\":\"2025-03-06T08:02:14+00:00\",\"breadcrumb\":{\"@id\":\"https:\\\/\\\/autopoint.hu\\\/de\\\/autoumbau#breadcrumb\"},\"inLanguage\":\"de\",\"potentialAction\":[{\"@type\":\"ReadAction\",\"target\":[\"https:\\\/\\\/autopoint.hu\\\/de\\\/autoumbau\"]}]},{\"@type\":\"ImageObject\",\"inLanguage\":\"de\",\"@id\":\"https:\\\/\\\/autopoint.hu\\\/de\\\/autoumbau#primaryimage\",\"url\":\"https:\\\/\\\/autopoint.hu\\\/wp-content\\\/uploads\\\/2023\\\/07\\\/P_2_2431-scaled.jpg\",\"contentUrl\":\"https:\\\/\\\/autopoint.hu\\\/wp-content\\\/uploads\\\/2023\\\/07\\\/P_2_2431-scaled.jpg\",\"width\":2560,\"height\":1922},{\"@type\":\"BreadcrumbList\",\"@id\":\"https:\\\/\\\/autopoint.hu\\\/de\\\/autoumbau#breadcrumb\",\"itemListElement\":[{\"@type\":\"ListItem\",\"position\":1,\"name\":\"Home\",\"item\":\"https:\\\/\\\/autopoint.hu\\\/de\"},{\"@type\":\"ListItem\",\"position\":2,\"name\":\"Autoumbau\"}]},{\"@type\":\"WebSite\",\"@id\":\"https:\\\/\\\/autopoint.hu\\\/#website\",\"url\":\"https:\\\/\\\/autopoint.hu\\\/\",\"name\":\"Autopoint Budapest\",\"description\":\"\",\"publisher\":{\"@id\":\"https:\\\/\\\/autopoint.hu\\\/#organization\"},\"alternateName\":\"Autopoint Budapest\",\"potentialAction\":[{\"@type\":\"SearchAction\",\"target\":{\"@type\":\"EntryPoint\",\"urlTemplate\":\"https:\\\/\\\/autopoint.hu\\\/?s={search_term_string}\"},\"query-input\":{\"@type\":\"PropertyValueSpecification\",\"valueRequired\":true,\"valueName\":\"search_term_string\"}}],\"inLanguage\":\"de\"},{\"@type\":\"Organization\",\"@id\":\"https:\\\/\\\/autopoint.hu\\\/#organization\",\"name\":\"Different Quality Kft.\",\"url\":\"https:\\\/\\\/autopoint.hu\\\/\",\"logo\":{\"@type\":\"ImageObject\",\"inLanguage\":\"de\",\"@id\":\"https:\\\/\\\/autopoint.hu\\\/#\\\/schema\\\/logo\\\/image\\\/\",\"url\":\"https:\\\/\\\/autopoint.hu\\\/wp-content\\\/uploads\\\/2024\\\/05\\\/logo-white.svg\",\"contentUrl\":\"https:\\\/\\\/autopoint.hu\\\/wp-content\\\/uploads\\\/2024\\\/05\\\/logo-white.svg\",\"width\":444,\"height\":59,\"caption\":\"Different Quality Kft.\"},\"image\":{\"@id\":\"https:\\\/\\\/autopoint.hu\\\/#\\\/schema\\\/logo\\\/image\\\/\"},\"sameAs\":[\"https:\\\/\\\/www.facebook.com\\\/autopointbudapest\",\"https:\\\/\\\/www.instagram.com\\\/autopoint_budapest\\\/\",\"https:\\\/\\\/www.youtube.com\\\/@autopointbudapest\"]}]}<\/script>\n<!-- \/ Yoast SEO Premium plugin. -->","yoast_head_json":{"title":"Autoumbau - Autopoint Budapest","robots":{"index":"index","follow":"follow","max-snippet":"max-snippet:-1","max-image-preview":"max-image-preview:large","max-video-preview":"max-video-preview:-1"},"canonical":"https:\/\/autopoint.hu\/de\/autoumbau","og_locale":"de_DE","og_type":"article","og_title":"Autoumbau","og_description":"Mit hochwertigen Lieferanten, fachlicher Kompetenz und umfassender Aufmerksamkeit f\u00fcr jedes Detail legen wir den Grundstein f\u00fcr erfolgreiche Projekte. Bei uns stehen die W\u00fcnsche des Kunden stets im Vordergrund, und wir streben danach, dass die umgebauten Autos die volle Zufriedenheit aller erf\u00fcllen. Premium-Materialien, individuelle L\u00f6sungen und modernste Technologien garantieren, dass die von uns hergestellten Autos mit [&hellip;]","og_url":"https:\/\/autopoint.hu\/de\/autoumbau","og_site_name":"Autopoint Budapest","article_publisher":"https:\/\/www.facebook.com\/autopointbudapest","og_image":[{"width":2560,"height":1922,"url":"https:\/\/autopoint.hu\/wp-content\/uploads\/2023\/07\/P_2_2431-scaled.jpg","type":"image\/jpeg"}],"twitter_card":"summary_large_image","schema":{"@context":"https:\/\/schema.org","@graph":[{"@type":"WebPage","@id":"https:\/\/autopoint.hu\/de\/autoumbau","url":"https:\/\/autopoint.hu\/de\/autoumbau","name":"Autoumbau - Autopoint Budapest","isPartOf":{"@id":"https:\/\/autopoint.hu\/#website"},"primaryImageOfPage":{"@id":"https:\/\/autopoint.hu\/de\/autoumbau#primaryimage"},"image":{"@id":"https:\/\/autopoint.hu\/de\/autoumbau#primaryimage"},"thumbnailUrl":"https:\/\/autopoint.hu\/wp-content\/uploads\/2023\/07\/P_2_2431-scaled.jpg","datePublished":"2025-03-06T08:02:14+00:00","breadcrumb":{"@id":"https:\/\/autopoint.hu\/de\/autoumbau#breadcrumb"},"inLanguage":"de","potentialAction":[{"@type":"ReadAction","target":["https:\/\/autopoint.hu\/de\/autoumbau"]}]},{"@type":"ImageObject","inLanguage":"de","@id":"https:\/\/autopoint.hu\/de\/autoumbau#primaryimage","url":"https:\/\/autopoint.hu\/wp-content\/uploads\/2023\/07\/P_2_2431-scaled.jpg","contentUrl":"https:\/\/autopoint.hu\/wp-content\/uploads\/2023\/07\/P_2_2431-scaled.jpg","width":2560,"height":1922},{"@type":"BreadcrumbList","@id":"https:\/\/autopoint.hu\/de\/autoumbau#breadcrumb","itemListElement":[{"@type":"ListItem","position":1,"name":"Home","item":"https:\/\/autopoint.hu\/de"},{"@type":"ListItem","position":2,"name":"Autoumbau"}]},{"@type":"WebSite","@id":"https:\/\/autopoint.hu\/#website","url":"https:\/\/autopoint.hu\/","name":"Autopoint Budapest","description":"","publisher":{"@id":"https:\/\/autopoint.hu\/#organization"},"alternateName":"Autopoint Budapest","potentialAction":[{"@type":"SearchAction","target":{"@type":"EntryPoint","urlTemplate":"https:\/\/autopoint.hu\/?s={search_term_string}"},"query-input":{"@type":"PropertyValueSpecification","valueRequired":true,"valueName":"search_term_string"}}],"inLanguage":"de"},{"@type":"Organization","@id":"https:\/\/autopoint.hu\/#organization","name":"Different Quality Kft.","url":"https:\/\/autopoint.hu\/","logo":{"@type":"ImageObject","inLanguage":"de","@id":"https:\/\/autopoint.hu\/#\/schema\/logo\/image\/","url":"https:\/\/autopoint.hu\/wp-content\/uploads\/2024\/05\/logo-white.svg","contentUrl":"https:\/\/autopoint.hu\/wp-content\/uploads\/2024\/05\/logo-white.svg","width":444,"height":59,"caption":"Different Quality Kft."},"image":{"@id":"https:\/\/autopoint.hu\/#\/schema\/logo\/image\/"},"sameAs":["https:\/\/www.facebook.com\/autopointbudapest","https:\/\/www.instagram.com\/autopoint_budapest\/","https:\/\/www.youtube.com\/@autopointbudapest"]}]}},"_links":{"self":[{"href":"https:\/\/autopoint.hu\/de\/wp-json\/wp\/v2\/pages\/12692","targetHints":{"allow":["GET"]}}],"collection":[{"href":"https:\/\/autopoint.hu\/de\/wp-json\/wp\/v2\/pages"}],"about":[{"href":"https:\/\/autopoint.hu\/de\/wp-json\/wp\/v2\/types\/page"}],"author":[{"embeddable":true,"href":"https:\/\/autopoint.hu\/de\/wp-json\/wp\/v2\/users\/2"}],"replies":[{"embeddable":true,"href":"https:\/\/autopoint.hu\/de\/wp-json\/wp\/v2\/comments?post=12692"}],"version-history":[{"count":1,"href":"https:\/\/autopoint.hu\/de\/wp-json\/wp\/v2\/pages\/12692\/revisions"}],"predecessor-version":[{"id":12768,"href":"https:\/\/autopoint.hu\/de\/wp-json\/wp\/v2\/pages\/12692\/revisions\/12768"}],"wp:featuredmedia":[{"embeddable":true,"href":"https:\/\/autopoint.hu\/de\/wp-json\/wp\/v2\/media\/3130"}],"wp:attachment":[{"href":"https:\/\/autopoint.hu\/de\/wp-json\/wp\/v2\/media?parent=12692"}],"curies":[{"name":"wp","href":"https:\/\/api.w.org\/{rel}","templated":true}]}}