{"id":3439,"date":"2023-04-20T18:27:33","date_gmt":"2023-04-20T16:27:33","guid":{"rendered":"https:\/\/autopoint.hu\/rolunk\/"},"modified":"2024-05-08T10:20:45","modified_gmt":"2024-05-08T08:20:45","slug":"rolunk","status":"publish","type":"page","link":"https:\/\/autopoint.hu\/de\/rolunk","title":{"rendered":"\u00dcber uns"},"content":{"rendered":"<p>Im Jahr 2016 haben wir unsere T\u00e4tigkeit mit der Umr\u00fcstung und dem Verkauf von 4x4-Autos begonnen. Im Jahr 2022 beschlossen wir, einen Schritt weiter zu gehen und uns auf die Umr\u00fcstung, das Tuning, die Pr\u00e4sentation und den Verkauf von Premium-Autos in Ungarn zu konzentrieren. Wir haben die Techniken und Qualit\u00e4t verschiedener Partner getestet, bis wir uns schlie\u00dflich f\u00fcr BRABUS entschieden haben. So begann unsere Reise und 2021 wurde Autopoint Budapest Ungarns BRABUS-H\u00e4ndler des Jahres und Goldpartner. Die Neuheit von 2023 ist die Zusammenarbeit mit Mansory, die es uns erm\u00f6glicht, auf Kundenwunsch die einzigartigsten Rarit\u00e4ten zu schaffen.<\/p>\n","protected":false},"excerpt":{"rendered":"<p>Im Jahr 2016 haben wir unsere T\u00e4tigkeit mit der Umr\u00fcstung und dem Verkauf von 4x4-Autos begonnen. Im Jahr 2022 beschlossen wir, einen Schritt weiter zu gehen und uns auf die Umr\u00fcstung, das Tuning, die Pr\u00e4sentation und den Verkauf von Premium-Autos in Ungarn zu konzentrieren. Wir haben die Techniken und Qualit\u00e4t verschiedener Partner getestet, bis wir [&hellip;]<\/p>\n","protected":false},"author":1,"featured_media":3078,"parent":0,"menu_order":0,"comment_status":"closed","ping_status":"closed","template":"","meta":{"_acf_changed":false,"inline_featured_image":false,"footnotes":""},"class_list":["post-3439","page","type-page","status-publish","has-post-thumbnail","hentry"],"acf":[],"yoast_head":"<!-- This site is optimized with the Yoast SEO Premium plugin v27.4 (Yoast SEO v27.4) - https:\/\/yoast.com\/product\/yoast-seo-premium-wordpress\/ -->\n<title>\u00dcber uns - Autopoint Budapest<\/title>\n<meta name=\"robots\" content=\"index, follow, max-snippet:-1, max-image-preview:large, max-video-preview:-1\" \/>\n<link rel=\"canonical\" href=\"https:\/\/autopoint.hu\/rolunk\" \/>\n<meta property=\"og:locale\" content=\"de_DE\" \/>\n<meta property=\"og:type\" content=\"article\" \/>\n<meta property=\"og:title\" content=\"\u00dcber uns\" \/>\n<meta property=\"og:description\" content=\"Im Jahr 2016 haben wir unsere T\u00e4tigkeit mit der Umr\u00fcstung und dem Verkauf von 4x4-Autos begonnen. Im Jahr 2022 beschlossen wir, einen Schritt weiter zu gehen und uns auf die Umr\u00fcstung, das Tuning, die Pr\u00e4sentation und den Verkauf von Premium-Autos in Ungarn zu konzentrieren. Wir haben die Techniken und Qualit\u00e4t verschiedener Partner getestet, bis wir [&hellip;]\" \/>\n<meta property=\"og:url\" content=\"https:\/\/autopoint.hu\/rolunk\" \/>\n<meta property=\"og:site_name\" content=\"Autopoint Budapest\" \/>\n<meta property=\"article:publisher\" content=\"https:\/\/www.facebook.com\/autopointbudapest\" \/>\n<meta property=\"article:modified_time\" content=\"2024-05-08T08:20:45+00:00\" \/>\n<meta property=\"og:image\" content=\"https:\/\/autopoint.hu\/wp-content\/uploads\/2023\/07\/about-hero.jpg\" \/>\n\t<meta property=\"og:image:width\" content=\"2560\" \/>\n\t<meta property=\"og:image:height\" content=\"1110\" \/>\n\t<meta property=\"og:image:type\" content=\"image\/jpeg\" \/>\n<meta name=\"twitter:card\" content=\"summary_large_image\" \/>\n<meta name=\"twitter:label1\" content=\"Gesch\u00e4tzte Lesezeit\" \/>\n\t<meta name=\"twitter:data1\" content=\"1\u00a0Minute\" \/>\n<script type=\"application\/ld+json\" class=\"yoast-schema-graph\">{\"@context\":\"https:\\\/\\\/schema.org\",\"@graph\":[{\"@type\":\"WebPage\",\"@id\":\"https:\\\/\\\/autopoint.hu\\\/rolunk\",\"url\":\"https:\\\/\\\/autopoint.hu\\\/rolunk\",\"name\":\"\u00dcber uns - Autopoint Budapest\",\"isPartOf\":{\"@id\":\"https:\\\/\\\/autopoint.hu\\\/#website\"},\"primaryImageOfPage\":{\"@id\":\"https:\\\/\\\/autopoint.hu\\\/rolunk#primaryimage\"},\"image\":{\"@id\":\"https:\\\/\\\/autopoint.hu\\\/rolunk#primaryimage\"},\"thumbnailUrl\":\"https:\\\/\\\/autopoint.hu\\\/wp-content\\\/uploads\\\/2023\\\/07\\\/about-hero.jpg\",\"datePublished\":\"2023-04-20T16:27:33+00:00\",\"dateModified\":\"2024-05-08T08:20:45+00:00\",\"breadcrumb\":{\"@id\":\"https:\\\/\\\/autopoint.hu\\\/rolunk#breadcrumb\"},\"inLanguage\":\"de\",\"potentialAction\":[{\"@type\":\"ReadAction\",\"target\":[\"https:\\\/\\\/autopoint.hu\\\/rolunk\"]}]},{\"@type\":\"ImageObject\",\"inLanguage\":\"de\",\"@id\":\"https:\\\/\\\/autopoint.hu\\\/rolunk#primaryimage\",\"url\":\"https:\\\/\\\/autopoint.hu\\\/wp-content\\\/uploads\\\/2023\\\/07\\\/about-hero.jpg\",\"contentUrl\":\"https:\\\/\\\/autopoint.hu\\\/wp-content\\\/uploads\\\/2023\\\/07\\\/about-hero.jpg\",\"width\":2560,\"height\":1110},{\"@type\":\"BreadcrumbList\",\"@id\":\"https:\\\/\\\/autopoint.hu\\\/rolunk#breadcrumb\",\"itemListElement\":[{\"@type\":\"ListItem\",\"position\":1,\"name\":\"Home\",\"item\":\"https:\\\/\\\/autopoint.hu\\\/de\"},{\"@type\":\"ListItem\",\"position\":2,\"name\":\"\u00dcber uns\"}]},{\"@type\":\"WebSite\",\"@id\":\"https:\\\/\\\/autopoint.hu\\\/#website\",\"url\":\"https:\\\/\\\/autopoint.hu\\\/\",\"name\":\"Autopoint Budapest\",\"description\":\"\",\"publisher\":{\"@id\":\"https:\\\/\\\/autopoint.hu\\\/#organization\"},\"alternateName\":\"Autopoint Budapest\",\"potentialAction\":[{\"@type\":\"SearchAction\",\"target\":{\"@type\":\"EntryPoint\",\"urlTemplate\":\"https:\\\/\\\/autopoint.hu\\\/?s={search_term_string}\"},\"query-input\":{\"@type\":\"PropertyValueSpecification\",\"valueRequired\":true,\"valueName\":\"search_term_string\"}}],\"inLanguage\":\"de\"},{\"@type\":\"Organization\",\"@id\":\"https:\\\/\\\/autopoint.hu\\\/#organization\",\"name\":\"Different Quality Kft.\",\"url\":\"https:\\\/\\\/autopoint.hu\\\/\",\"logo\":{\"@type\":\"ImageObject\",\"inLanguage\":\"de\",\"@id\":\"https:\\\/\\\/autopoint.hu\\\/#\\\/schema\\\/logo\\\/image\\\/\",\"url\":\"https:\\\/\\\/autopoint.hu\\\/wp-content\\\/uploads\\\/2024\\\/05\\\/logo-white.svg\",\"contentUrl\":\"https:\\\/\\\/autopoint.hu\\\/wp-content\\\/uploads\\\/2024\\\/05\\\/logo-white.svg\",\"width\":444,\"height\":59,\"caption\":\"Different Quality Kft.\"},\"image\":{\"@id\":\"https:\\\/\\\/autopoint.hu\\\/#\\\/schema\\\/logo\\\/image\\\/\"},\"sameAs\":[\"https:\\\/\\\/www.facebook.com\\\/autopointbudapest\",\"https:\\\/\\\/www.instagram.com\\\/autopoint_budapest\\\/\",\"https:\\\/\\\/www.youtube.com\\\/@autopointbudapest\"]}]}<\/script>\n<!-- \/ Yoast SEO Premium plugin. -->","yoast_head_json":{"title":"\u00dcber uns - Autopoint Budapest","robots":{"index":"index","follow":"follow","max-snippet":"max-snippet:-1","max-image-preview":"max-image-preview:large","max-video-preview":"max-video-preview:-1"},"canonical":"https:\/\/autopoint.hu\/rolunk","og_locale":"de_DE","og_type":"article","og_title":"\u00dcber uns","og_description":"Im Jahr 2016 haben wir unsere T\u00e4tigkeit mit der Umr\u00fcstung und dem Verkauf von 4x4-Autos begonnen. Im Jahr 2022 beschlossen wir, einen Schritt weiter zu gehen und uns auf die Umr\u00fcstung, das Tuning, die Pr\u00e4sentation und den Verkauf von Premium-Autos in Ungarn zu konzentrieren. Wir haben die Techniken und Qualit\u00e4t verschiedener Partner getestet, bis wir [&hellip;]","og_url":"https:\/\/autopoint.hu\/rolunk","og_site_name":"Autopoint Budapest","article_publisher":"https:\/\/www.facebook.com\/autopointbudapest","article_modified_time":"2024-05-08T08:20:45+00:00","og_image":[{"width":2560,"height":1110,"url":"https:\/\/autopoint.hu\/wp-content\/uploads\/2023\/07\/about-hero.jpg","type":"image\/jpeg"}],"twitter_card":"summary_large_image","twitter_misc":{"Gesch\u00e4tzte Lesezeit":"1\u00a0Minute"},"schema":{"@context":"https:\/\/schema.org","@graph":[{"@type":"WebPage","@id":"https:\/\/autopoint.hu\/rolunk","url":"https:\/\/autopoint.hu\/rolunk","name":"\u00dcber uns - Autopoint Budapest","isPartOf":{"@id":"https:\/\/autopoint.hu\/#website"},"primaryImageOfPage":{"@id":"https:\/\/autopoint.hu\/rolunk#primaryimage"},"image":{"@id":"https:\/\/autopoint.hu\/rolunk#primaryimage"},"thumbnailUrl":"https:\/\/autopoint.hu\/wp-content\/uploads\/2023\/07\/about-hero.jpg","datePublished":"2023-04-20T16:27:33+00:00","dateModified":"2024-05-08T08:20:45+00:00","breadcrumb":{"@id":"https:\/\/autopoint.hu\/rolunk#breadcrumb"},"inLanguage":"de","potentialAction":[{"@type":"ReadAction","target":["https:\/\/autopoint.hu\/rolunk"]}]},{"@type":"ImageObject","inLanguage":"de","@id":"https:\/\/autopoint.hu\/rolunk#primaryimage","url":"https:\/\/autopoint.hu\/wp-content\/uploads\/2023\/07\/about-hero.jpg","contentUrl":"https:\/\/autopoint.hu\/wp-content\/uploads\/2023\/07\/about-hero.jpg","width":2560,"height":1110},{"@type":"BreadcrumbList","@id":"https:\/\/autopoint.hu\/rolunk#breadcrumb","itemListElement":[{"@type":"ListItem","position":1,"name":"Home","item":"https:\/\/autopoint.hu\/de"},{"@type":"ListItem","position":2,"name":"\u00dcber uns"}]},{"@type":"WebSite","@id":"https:\/\/autopoint.hu\/#website","url":"https:\/\/autopoint.hu\/","name":"Autopoint Budapest","description":"","publisher":{"@id":"https:\/\/autopoint.hu\/#organization"},"alternateName":"Autopoint Budapest","potentialAction":[{"@type":"SearchAction","target":{"@type":"EntryPoint","urlTemplate":"https:\/\/autopoint.hu\/?s={search_term_string}"},"query-input":{"@type":"PropertyValueSpecification","valueRequired":true,"valueName":"search_term_string"}}],"inLanguage":"de"},{"@type":"Organization","@id":"https:\/\/autopoint.hu\/#organization","name":"Different Quality Kft.","url":"https:\/\/autopoint.hu\/","logo":{"@type":"ImageObject","inLanguage":"de","@id":"https:\/\/autopoint.hu\/#\/schema\/logo\/image\/","url":"https:\/\/autopoint.hu\/wp-content\/uploads\/2024\/05\/logo-white.svg","contentUrl":"https:\/\/autopoint.hu\/wp-content\/uploads\/2024\/05\/logo-white.svg","width":444,"height":59,"caption":"Different Quality Kft."},"image":{"@id":"https:\/\/autopoint.hu\/#\/schema\/logo\/image\/"},"sameAs":["https:\/\/www.facebook.com\/autopointbudapest","https:\/\/www.instagram.com\/autopoint_budapest\/","https:\/\/www.youtube.com\/@autopointbudapest"]}]}},"_links":{"self":[{"href":"https:\/\/autopoint.hu\/de\/wp-json\/wp\/v2\/pages\/3439","targetHints":{"allow":["GET"]}}],"collection":[{"href":"https:\/\/autopoint.hu\/de\/wp-json\/wp\/v2\/pages"}],"about":[{"href":"https:\/\/autopoint.hu\/de\/wp-json\/wp\/v2\/types\/page"}],"author":[{"embeddable":true,"href":"https:\/\/autopoint.hu\/de\/wp-json\/wp\/v2\/users\/1"}],"replies":[{"embeddable":true,"href":"https:\/\/autopoint.hu\/de\/wp-json\/wp\/v2\/comments?post=3439"}],"version-history":[{"count":2,"href":"https:\/\/autopoint.hu\/de\/wp-json\/wp\/v2\/pages\/3439\/revisions"}],"predecessor-version":[{"id":3441,"href":"https:\/\/autopoint.hu\/de\/wp-json\/wp\/v2\/pages\/3439\/revisions\/3441"}],"wp:featuredmedia":[{"embeddable":true,"href":"https:\/\/autopoint.hu\/de\/wp-json\/wp\/v2\/media\/3078"}],"wp:attachment":[{"href":"https:\/\/autopoint.hu\/de\/wp-json\/wp\/v2\/media?parent=3439"}],"curies":[{"name":"wp","href":"https:\/\/api.w.org\/{rel}","templated":true}]}}